{"id":871,"date":"2019-07-15T13:50:24","date_gmt":"2019-07-15T11:50:24","guid":{"rendered":"https:\/\/www.auto-rau.at\/startseite\/"},"modified":"2020-02-21T07:59:27","modified_gmt":"2020-02-21T06:59:27","slug":"startseite","status":"publish","type":"page","link":"https:\/\/www.auto-rau.at\/en\/","title":{"rendered":"Auto Rau in Moosburg K\u00e4rnten used cars"},"content":{"rendered":"<div class=\"acf-fc-column acf-fc-column-1\">\n<h1 style=\"text-align: center;\">Offer of the week!<\/h1>\n<p style=\"text-align: center;\">Here you can find our highlight of the week &#8211; It&#8217;s worth it to be quick!<\/p>\n<\/p><\/div>\n<div class=\"acf-fc-column acf-fc-column-1\">\n<h2 style=\"text-align: center;\">Following vehicles you might be interested in too&#8230;<\/h2>\n<p style=\"text-align: center;\">Cars at promotional prices<\/p>\n<\/p><\/div>\n<div class=\"acf-fc-column acf-fc-column-1\">\n<h5 style=\"text-align: center;\">the following brands are currently available in our stock:<\/h5>\n<\/p><\/div>\n","protected":false},"excerpt":{"rendered":"<p>Ihr Gebrauchtwagenspezialist in K\u00e4rnten. Bei uns finden Sie Ihren gebrauchten Traumwagen! Wir haben \u00fcber 60 Fahrzeuge in unserem Angebot und sind auch an Sonn- und Feiertagen f\u00fcr Sie erreichbar.<\/p>\n","protected":false},"author":1,"featured_media":924,"parent":0,"menu_order":0,"comment_status":"closed","ping_status":"closed","template":"","meta":[],"_links":{"self":[{"href":"https:\/\/www.auto-rau.at\/en\/wp-json\/wp\/v2\/pages\/871"}],"collection":[{"href":"https:\/\/www.auto-rau.at\/en\/wp-json\/wp\/v2\/pages"}],"about":[{"href":"https:\/\/www.auto-rau.at\/en\/wp-json\/wp\/v2\/types\/page"}],"author":[{"embeddable":true,"href":"https:\/\/www.auto-rau.at\/en\/wp-json\/wp\/v2\/users\/1"}],"replies":[{"embeddable":true,"href":"https:\/\/www.auto-rau.at\/en\/wp-json\/wp\/v2\/comments?post=871"}],"version-history":[{"count":0,"href":"https:\/\/www.auto-rau.at\/en\/wp-json\/wp\/v2\/pages\/871\/revisions"}],"wp:featuredmedia":[{"embeddable":true,"href":"https:\/\/www.auto-rau.at\/en\/wp-json\/wp\/v2\/media\/924"}],"wp:attachment":[{"href":"https:\/\/www.auto-rau.at\/en\/wp-json\/wp\/v2\/media?parent=871"}],"curies":[{"name":"wp","href":"https:\/\/api.w.org\/{rel}","templated":true}]}}